{"id":227,"date":"2024-04-13T19:10:06","date_gmt":"2024-04-13T19:10:06","guid":{"rendered":"https:\/\/empresasyservicios.com\/academia\/producto\/curso-de-marketing\/"},"modified":"2024-11-11T20:27:58","modified_gmt":"2024-11-11T20:27:58","slug":"curso-de-marketing","status":"publish","type":"product","link":"https:\/\/empresasyservicios.com\/academia\/producto\/curso-de-marketing\/","title":{"rendered":"Master Gratuito en Marketing Digital Y Anal\u00edtica Web"},"content":{"rendered":"<p>\ud83d\ude80 \u00a1Convi\u00e9rtete en un Experto en Marketing Digital y Anal\u00edtica Web con Certificaci\u00f3n GRATIS! \ud83d\ude80<\/p>\n<p>Este curso completo te lleva desde cero hasta dominar las herramientas y estrategias que los profesionales usan para triunfar en el mundo digital. Aprender\u00e1s a:<\/p>\n<p>\u2728 Crear un sitio web optimizado desde cero<br \/>\n\ud83e\udd16 Usar inteligencia artificial para potenciar tus campa\u00f1as<br \/>\n\ud83d\udd0d Dominar el SEO y aparecer en los primeros lugares de Google<br \/>\n\ud83d\udcca Analizar las m\u00e9tricas y entender qu\u00e9 funciona para tu negocio<br \/>\n\ud83d\udcc8 Optimizar tus estrategias de marketing para maximizar resultados<\/p>\n<p>Este curso es perfecto tanto si eres un emprendedor que quiere hacer crecer su negocio, como si buscas una carrera en marketing digital. \u00a1Al final del curso obtendr\u00e1s una certificaci\u00f3n que respalda tus nuevas habilidades!<\/p>\n<p>No dejes pasar esta oportunidad y empieza a construir tu futuro en el marketing digital hoy mismo.<\/p>\n<table style=\"height: 241px;\" width=\"828\">\n<caption><strong>Acced\u00e9 ya mismo haciendo click en la imagen o escaneando el QR.<\/strong><\/caption>\n<tbody>\n<tr>\n<td><\/td>\n<th><a href=\"https:\/\/campus.neetwork.com\/p\/master-gratuito-en-marketing-digital#a_aid=6595d25678ea5&amp;a_bid=2d44c5a5\" target=\"_blank\" rel=\"noopener\"><img fetchpriority=\"high\" decoding=\"async\" class=\"alignnone wp-image-834\" src=\"https:\/\/empresasyservicios.com\/academia\/wp-content\/uploads\/2024\/04\/Master-en-Marketing-Digital-300x140.png\" alt=\"\" width=\"441\" height=\"206\" srcset=\"https:\/\/empresasyservicios.com\/academia\/wp-content\/uploads\/2024\/04\/Master-en-Marketing-Digital-300x140.png 300w, https:\/\/empresasyservicios.com\/academia\/wp-content\/uploads\/2024\/04\/Master-en-Marketing-Digital-600x279.png 600w, https:\/\/empresasyservicios.com\/academia\/wp-content\/uploads\/2024\/04\/Master-en-Marketing-Digital.png 668w\" sizes=\"(max-width: 441px) 100vw, 441px\" \/><\/a><\/th>\n<th><\/th>\n<th><img decoding=\"async\" class=\"alignnone size-full wp-image-835\" src=\"https:\/\/empresasyservicios.com\/academia\/wp-content\/uploads\/2024\/04\/QR-Master-Marketing.jpg\" alt=\"\" width=\"206\" height=\"205\" srcset=\"https:\/\/empresasyservicios.com\/academia\/wp-content\/uploads\/2024\/04\/QR-Master-Marketing.jpg 206w, https:\/\/empresasyservicios.com\/academia\/wp-content\/uploads\/2024\/04\/QR-Master-Marketing-150x150.jpg 150w, https:\/\/empresasyservicios.com\/academia\/wp-content\/uploads\/2024\/04\/QR-Master-Marketing-100x100.jpg 100w\" sizes=\"(max-width: 206px) 100vw, 206px\" \/><\/th>\n<\/tr>\n<\/tbody>\n<\/table>\n<p>&nbsp;<\/p>\n","protected":false},"excerpt":{"rendered":"<p>\ud83d\ude80 \u00a1Convi\u00e9rtete en un Experto en Marketing Digital y Anal\u00edtica Web con Certificaci\u00f3n GRATIS! \ud83d\ude80 Este curso completo te lleva [&hellip;]<\/p>\n","protected":false},"featured_media":154,"comment_status":"closed","ping_status":"closed","template":"","meta":{"ocean_post_layout":"","ocean_both_sidebars_style":"","ocean_both_sidebars_content_width":0,"ocean_both_sidebars_sidebars_width":0,"ocean_sidebar":"","ocean_second_sidebar":"","ocean_disable_margins":"enable","ocean_add_body_class":"","ocean_shortcode_before_top_bar":"","ocean_shortcode_after_top_bar":"","ocean_shortcode_before_header":"","ocean_shortcode_after_header":"","ocean_has_shortcode":"","ocean_shortcode_after_title":"","ocean_shortcode_before_footer_widgets":"","ocean_shortcode_after_footer_widgets":"","ocean_shortcode_before_footer_bottom":"","ocean_shortcode_after_footer_bottom":"","ocean_display_top_bar":"default","ocean_display_header":"default","ocean_header_style":"","ocean_center_header_left_menu":"","ocean_custom_header_template":"","ocean_custom_logo":0,"ocean_custom_retina_logo":0,"ocean_custom_logo_max_width":0,"ocean_custom_logo_tablet_max_width":0,"ocean_custom_logo_mobile_max_width":0,"ocean_custom_logo_max_height":0,"ocean_custom_logo_tablet_max_height":0,"ocean_custom_logo_mobile_max_height":0,"ocean_header_custom_menu":"","ocean_menu_typo_font_family":"","ocean_menu_typo_font_subset":"","ocean_menu_typo_font_size":0,"ocean_menu_typo_font_size_tablet":0,"ocean_menu_typo_font_size_mobile":0,"ocean_menu_typo_font_size_unit":"px","ocean_menu_typo_font_weight":"","ocean_menu_typo_font_weight_tablet":"","ocean_menu_typo_font_weight_mobile":"","ocean_menu_typo_transform":"","ocean_menu_typo_transform_tablet":"","ocean_menu_typo_transform_mobile":"","ocean_menu_typo_line_height":0,"ocean_menu_typo_line_height_tablet":0,"ocean_menu_typo_line_height_mobile":0,"ocean_menu_typo_line_height_unit":"","ocean_menu_typo_spacing":0,"ocean_menu_typo_spacing_tablet":0,"ocean_menu_typo_spacing_mobile":0,"ocean_menu_typo_spacing_unit":"","ocean_menu_link_color":"","ocean_menu_link_color_hover":"","ocean_menu_link_color_active":"","ocean_menu_link_background":"","ocean_menu_link_hover_background":"","ocean_menu_link_active_background":"","ocean_menu_social_links_bg":"","ocean_menu_social_hover_links_bg":"","ocean_menu_social_links_color":"","ocean_menu_social_hover_links_color":"","ocean_disable_title":"default","ocean_disable_heading":"default","ocean_post_title":"","ocean_post_subheading":"","ocean_post_title_style":"","ocean_post_title_background_color":"","ocean_post_title_background":0,"ocean_post_title_bg_image_position":"","ocean_post_title_bg_image_attachment":"","ocean_post_title_bg_image_repeat":"","ocean_post_title_bg_image_size":"","ocean_post_title_height":0,"ocean_post_title_bg_overlay":0.5,"ocean_post_title_bg_overlay_color":"","ocean_disable_breadcrumbs":"default","ocean_breadcrumbs_color":"","ocean_breadcrumbs_separator_color":"","ocean_breadcrumbs_links_color":"","ocean_breadcrumbs_links_hover_color":"","ocean_display_footer_widgets":"default","ocean_display_footer_bottom":"default","ocean_custom_footer_template":""},"product_brand":[],"product_cat":[22,16],"product_tag":[19],"class_list":{"0":"post-227","1":"product","2":"type-product","3":"status-publish","4":"has-post-thumbnail","6":"product_cat-marketing","7":"product_cat-sin-categorizar","8":"product_tag-marketing-fundamentos","10":"entry","11":"has-media","13":"first","14":"instock","15":"virtual","16":"sold-individually","17":"purchasable","18":"product-type-simple","19":"has-product-nav","20":"col","21":"span_1_of_3","22":"owp-content-center","23":"owp-thumbs-layout-horizontal","24":"owp-btn-normal","25":"owp-tabs-layout-horizontal","26":"has-no-thumbnails"},"_links":{"self":[{"href":"https:\/\/empresasyservicios.com\/academia\/wp-json\/wp\/v2\/product\/227","targetHints":{"allow":["GET"]}}],"collection":[{"href":"https:\/\/empresasyservicios.com\/academia\/wp-json\/wp\/v2\/product"}],"about":[{"href":"https:\/\/empresasyservicios.com\/academia\/wp-json\/wp\/v2\/types\/product"}],"replies":[{"embeddable":true,"href":"https:\/\/empresasyservicios.com\/academia\/wp-json\/wp\/v2\/comments?post=227"}],"wp:featuredmedia":[{"embeddable":true,"href":"https:\/\/empresasyservicios.com\/academia\/wp-json\/wp\/v2\/media\/154"}],"wp:attachment":[{"href":"https:\/\/empresasyservicios.com\/academia\/wp-json\/wp\/v2\/media?parent=227"}],"wp:term":[{"taxonomy":"product_brand","embeddable":true,"href":"https:\/\/empresasyservicios.com\/academia\/wp-json\/wp\/v2\/product_brand?post=227"},{"taxonomy":"product_cat","embeddable":true,"href":"https:\/\/empresasyservicios.com\/academia\/wp-json\/wp\/v2\/product_cat?post=227"},{"taxonomy":"product_tag","embeddable":true,"href":"https:\/\/empresasyservicios.com\/academia\/wp-json\/wp\/v2\/product_tag?post=227"}],"curies":[{"name":"wp","href":"https:\/\/api.w.org\/{rel}","templated":true}]}}